{"id":22,"date":"2025-04-23T16:27:00","date_gmt":"2025-04-23T16:27:00","guid":{"rendered":"https:\/\/prolimp.justo7.com.br\/?page_id=22"},"modified":"2025-04-23T20:53:50","modified_gmt":"2025-04-23T20:53:50","slug":"restaurador","status":"publish","type":"page","link":"https:\/\/prolimp.justo7.com.br\/","title":{"rendered":"RESTAURADOR"},"content":{"rendered":"\t\t<div data-elementor-type=\"wp-page\" data-elementor-id=\"22\" class=\"elementor elementor-22\" data-elementor-post-type=\"page\">\n\t\t\t\t<div class=\"elementor-element elementor-element-6e5320a e-con-full e-flex e-con e-parent\" data-id=\"6e5320a\" data-element_type=\"container\">\n\t\t\t\t<div class=\"elementor-element elementor-element-7c10422 elementor-widget elementor-widget-heading\" data-id=\"7c10422\" data-element_type=\"widget\" data-widget_type=\"heading.default\">\n\t\t\t\t<div class=\"elementor-widget-container\">\n\t\t\t\t\t<h2 class=\"elementor-heading-title elementor-size-default\">Restaurador de Plasticos ProLimp<\/h2>\t\t\t\t<\/div>\n\t\t\t\t<\/div>\n\t\t\t\t<\/div>\n\t\t<div class=\"elementor-element elementor-element-a9abf81 e-flex e-con-boxed e-con e-parent\" data-id=\"a9abf81\" data-element_type=\"container\" data-settings=\"{&quot;background_background&quot;:&quot;classic&quot;}\">\n\t\t\t\t\t<div class=\"e-con-inner\">\n\t\t\t\t<div class=\"elementor-element elementor-element-b0a4658 elementor-widget elementor-widget-heading\" data-id=\"b0a4658\" data-element_type=\"widget\" data-widget_type=\"heading.default\">\n\t\t\t\t<div class=\"elementor-widget-container\">\n\t\t\t\t\t<h2 class=\"elementor-heading-title elementor-size-default\">Renovador de Pl\u00e1sticos Automotivos <\/h2>\t\t\t\t<\/div>\n\t\t\t\t<\/div>\n\t\t\t\t\t<\/div>\n\t\t\t\t<\/div>\n\t\t<div class=\"elementor-element elementor-element-6bb22a2 e-con-full e-flex e-con e-parent\" data-id=\"6bb22a2\" data-element_type=\"container\" data-settings=\"{&quot;background_background&quot;:&quot;classic&quot;}\">\n\t\t<div class=\"elementor-element elementor-element-4a0532c e-con-full e-flex e-con e-child\" data-id=\"4a0532c\" data-element_type=\"container\">\n\t\t\t\t<div class=\"elementor-element elementor-element-f910817 elementor-widget__width-initial elementor-widget elementor-widget-image\" data-id=\"f910817\" data-element_type=\"widget\" data-widget_type=\"image.default\">\n\t\t\t\t<div class=\"elementor-widget-container\">\n\t\t\t\t\t\t\t\t\t\t\t\t\t\t\t<img fetchpriority=\"high\" decoding=\"async\" width=\"768\" height=\"768\" src=\"https:\/\/prolimp.justo7.com.br\/wp-content\/uploads\/2025\/04\/prolimpcarcasa-768x768.png\" class=\"attachment-medium_large size-medium_large wp-image-11\" alt=\"\" srcset=\"https:\/\/prolimp.justo7.com.br\/wp-content\/uploads\/2025\/04\/prolimpcarcasa-768x768.png 768w, https:\/\/prolimp.justo7.com.br\/wp-content\/uploads\/2025\/04\/prolimpcarcasa-300x300.png 300w, https:\/\/prolimp.justo7.com.br\/wp-content\/uploads\/2025\/04\/prolimpcarcasa-100x100.png 100w, https:\/\/prolimp.justo7.com.br\/wp-content\/uploads\/2025\/04\/prolimpcarcasa-600x600.png 600w, https:\/\/prolimp.justo7.com.br\/wp-content\/uploads\/2025\/04\/prolimpcarcasa-150x150.png 150w, https:\/\/prolimp.justo7.com.br\/wp-content\/uploads\/2025\/04\/prolimpcarcasa.png 1024w\" sizes=\"(max-width: 768px) 100vw, 768px\" \/>\t\t\t\t\t\t\t\t\t\t\t\t\t\t\t<\/div>\n\t\t\t\t<\/div>\n\t\t\t\t<\/div>\n\t\t<div class=\"elementor-element elementor-element-4567ccc e-con-full e-flex e-con e-child\" data-id=\"4567ccc\" data-element_type=\"container\">\n\t\t\t\t<div class=\"elementor-element elementor-element-68b4cbb elementor-widget__width-initial elementor-widget elementor-widget-image\" data-id=\"68b4cbb\" data-element_type=\"widget\" data-widget_type=\"image.default\">\n\t\t\t\t<div class=\"elementor-widget-container\">\n\t\t\t\t\t\t\t\t\t\t\t\t\t\t\t<img decoding=\"async\" width=\"300\" height=\"300\" src=\"https:\/\/prolimp.justo7.com.br\/wp-content\/uploads\/2025\/04\/prolimprenovador-300x300.png\" class=\"attachment-medium size-medium wp-image-12\" alt=\"\" srcset=\"https:\/\/prolimp.justo7.com.br\/wp-content\/uploads\/2025\/04\/prolimprenovador-300x300.png 300w, https:\/\/prolimp.justo7.com.br\/wp-content\/uploads\/2025\/04\/prolimprenovador-100x100.png 100w, https:\/\/prolimp.justo7.com.br\/wp-content\/uploads\/2025\/04\/prolimprenovador-600x600.png 600w, https:\/\/prolimp.justo7.com.br\/wp-content\/uploads\/2025\/04\/prolimprenovador-150x150.png 150w, https:\/\/prolimp.justo7.com.br\/wp-content\/uploads\/2025\/04\/prolimprenovador-768x768.png 768w, https:\/\/prolimp.justo7.com.br\/wp-content\/uploads\/2025\/04\/prolimprenovador.png 1024w\" sizes=\"(max-width: 300px) 100vw, 300px\" \/>\t\t\t\t\t\t\t\t\t\t\t\t\t\t\t<\/div>\n\t\t\t\t<\/div>\n\t\t\t\t<\/div>\n\t\t\t\t<\/div>\n\t\t<div class=\"elementor-element elementor-element-06b33ca e-flex e-con-boxed e-con e-parent\" data-id=\"06b33ca\" data-element_type=\"container\">\n\t\t\t\t\t<div class=\"e-con-inner\">\n\t\t\t\t<div class=\"elementor-element elementor-element-a2cfcaf elementor-widget elementor-widget-heading\" data-id=\"a2cfcaf\" data-element_type=\"widget\" data-widget_type=\"heading.default\">\n\t\t\t\t<div class=\"elementor-widget-container\">\n\t\t\t\t\t<h2 class=\"elementor-heading-title elementor-size-default\">\n       Transforme a apar\u00eancia do seu carro em minutos<\/h2>\t\t\t\t<\/div>\n\t\t\t\t<\/div>\n\t\t\t\t\t<\/div>\n\t\t\t\t<\/div>\n\t\t<div class=\"elementor-element elementor-element-0a0243f e-con-full e-flex e-con e-parent\" data-id=\"0a0243f\" data-element_type=\"container\" data-settings=\"{&quot;background_background&quot;:&quot;classic&quot;}\">\n\t\t\t\t<div class=\"elementor-element elementor-element-98e5c3a elementor-widget elementor-widget-text-editor\" data-id=\"98e5c3a\" data-element_type=\"widget\" data-widget_type=\"text-editor.default\">\n\t\t\t\t<div class=\"elementor-widget-container\">\n\t\t\t\t\t\t\t\t\t<p><b>Renovador de Pl\u00e1sticos PRO LIMP o definitivo para restaurar e proteger as partes pl\u00e1sticas do seu ve\u00edculo. Ideal para para-choques, pain\u00e9is e retrovisores, ele elimina manchas, desgastes e d\u00e1 um novo visual, deixando seu carro com cara de novo. Chega de pl\u00e1sticos opacos e ressecados \u2013 PRO LIMP traz o brilho de volta!<\/b><\/p>\t\t\t\t\t\t\t\t<\/div>\n\t\t\t\t<\/div>\n\t\t\t\t<div class=\"elementor-element elementor-element-34b78e5 elementor-widget elementor-widget-heading\" data-id=\"34b78e5\" data-element_type=\"widget\" data-widget_type=\"heading.default\">\n\t\t\t\t<div class=\"elementor-widget-container\">\n\t\t\t\t\t<h1 class=\"elementor-heading-title elementor-size-default\">Porque escolher PRO LIMP?<\/h1>\t\t\t\t<\/div>\n\t\t\t\t<\/div>\n\t\t\t\t<div class=\"elementor-element elementor-element-337c47d elementor-widget elementor-widget-text-editor\" data-id=\"337c47d\" data-element_type=\"widget\" data-widget_type=\"text-editor.default\">\n\t\t\t\t<div class=\"elementor-widget-container\">\n\t\t\t\t\t\t\t\t\t<ul><li><strong>Resultados Imediatos:<\/strong>\u00a0Restaura e revitalize em poucos minutos. Seu carro vai brilhar!<\/li><li><strong>F\u00e1cil Aplica\u00e7\u00e3o:<\/strong>\u00a0Basta aplicar e deixar o produto fazer o trabalho. Sem complica\u00e7\u00e3o.<\/li><li><strong>Durabilidade Extra:<\/strong>\u00a0Protege as partes pl\u00e1sticas contra raios UV, poeira e intemp\u00e9ries.<\/li><li><strong>Versatilidade:<\/strong>\u00a0Ideal para todos os tipos de pl\u00e1sticos automotivos: para-choques, pain\u00e9is internos, retrovisores e muito mais.<\/li><\/ul>\t\t\t\t\t\t\t\t<\/div>\n\t\t\t\t<\/div>\n\t\t\t\t<\/div>\n\t\t<div class=\"elementor-element elementor-element-4b4caa0 e-flex e-con-boxed e-con e-parent\" data-id=\"4b4caa0\" data-element_type=\"container\">\n\t\t\t\t\t<div class=\"e-con-inner\">\n\t\t\t\t<div class=\"elementor-element elementor-element-57268e2 elementor-widget elementor-widget-heading\" data-id=\"57268e2\" data-element_type=\"widget\" data-widget_type=\"heading.default\">\n\t\t\t\t<div class=\"elementor-widget-container\">\n\t\t\t\t\t<h2 class=\"elementor-heading-title elementor-size-default\"><h2 class=\"section-title\" style=\"padding: 0px; margin: 0px 0px 20px; line-height: 1.2; color: rgb(30, 58, 138); font-size: 2em; font-family: Arial, sans-serif; letter-spacing: normal; text-align: center; white-space: normal;\">Veja o PRO LIMP em a\u00e7\u00e3o!<\/h2><\/h2>\t\t\t\t<\/div>\n\t\t\t\t<\/div>\n\t\t\t\t<div class=\"elementor-element elementor-element-4d77e05 elementor-widget elementor-widget-video\" data-id=\"4d77e05\" data-element_type=\"widget\" data-settings=\"{&quot;video_type&quot;:&quot;hosted&quot;,&quot;controls&quot;:&quot;yes&quot;}\" data-widget_type=\"video.default\">\n\t\t\t\t<div class=\"elementor-widget-container\">\n\t\t\t\t\t\t\t<div class=\"e-hosted-video elementor-wrapper elementor-open-inline\">\n\t\t\t\t\t<video class=\"elementor-video\" src=\"https:\/\/prolimp.justo7.com.br\/wp-content\/uploads\/2025\/04\/WhatsApp-Video-2025-04-23-at-12.27.53.mp4\" controls=\"\" preload=\"metadata\" controlsList=\"nodownload\"><\/video>\n\t\t\t\t<\/div>\n\t\t\t\t\t\t<\/div>\n\t\t\t\t<\/div>\n\t\t\t\t\t<\/div>\n\t\t\t\t<\/div>\n\t\t<div class=\"elementor-element elementor-element-0f1c195 e-flex e-con-boxed e-con e-parent\" data-id=\"0f1c195\" data-element_type=\"container\">\n\t\t\t\t\t<div class=\"e-con-inner\">\n\t\t\t\t<div class=\"elementor-element elementor-element-91a805e elementor-widget elementor-widget-testimonial\" data-id=\"91a805e\" data-element_type=\"widget\" data-widget_type=\"testimonial.default\">\n\t\t\t\t<div class=\"elementor-widget-container\">\n\t\t\t\t\t\t\t<div class=\"elementor-testimonial-wrapper\">\n\t\t\t\t\t\t\t<div class=\"elementor-testimonial-content\"><h4 class=\"elementor-heading-title elementor-size-default elementor-inline-editing pen\" data-elementor-setting-key=\"title\" data-pen-placeholder=\"Digite aqui...\" style=\"font-family: Roboto, sans-serif; font-weight: 600; color: rgb(110, 193, 228); text-align: start;\">\"Meu carro parecia envelhecido, mas depois de usar o PRO LIMP, ele ficou como novo! O brilho do para-choque e retrovisores voltou totalmente!\"<\/h4><\/div>\n\t\t\t\n\t\t\t\t\t\t<div class=\"elementor-testimonial-meta elementor-has-image elementor-testimonial-image-position-aside\">\n\t\t\t\t<div class=\"elementor-testimonial-meta-inner\">\n\t\t\t\t\t\t\t\t\t\t\t<div class=\"elementor-testimonial-image\">\n\t\t\t\t\t\t\t<img decoding=\"async\" width=\"2560\" height=\"1707\" src=\"https:\/\/prolimp.justo7.com.br\/wp-content\/uploads\/2025\/04\/pedro-scaled.jpg\" class=\"attachment-full size-full wp-image-143\" alt=\"\" srcset=\"https:\/\/prolimp.justo7.com.br\/wp-content\/uploads\/2025\/04\/pedro-scaled.jpg 2560w, https:\/\/prolimp.justo7.com.br\/wp-content\/uploads\/2025\/04\/pedro-300x200.jpg 300w, https:\/\/prolimp.justo7.com.br\/wp-content\/uploads\/2025\/04\/pedro-1024x683.jpg 1024w, https:\/\/prolimp.justo7.com.br\/wp-content\/uploads\/2025\/04\/pedro-768x512.jpg 768w, https:\/\/prolimp.justo7.com.br\/wp-content\/uploads\/2025\/04\/pedro-1536x1024.jpg 1536w, https:\/\/prolimp.justo7.com.br\/wp-content\/uploads\/2025\/04\/pedro-2048x1365.jpg 2048w, https:\/\/prolimp.justo7.com.br\/wp-content\/uploads\/2025\/04\/pedro-600x400.jpg 600w\" sizes=\"(max-width: 2560px) 100vw, 2560px\" \/>\t\t\t\t\t\t<\/div>\n\t\t\t\t\t\n\t\t\t\t\t\t\t\t\t\t<div class=\"elementor-testimonial-details\">\n\t\t\t\t\t\t\t\t\t\t\t\t\t\t<div class=\"elementor-testimonial-name\">Jo\u00e3o M<\/div>\n\t\t\t\t\t\t\t\t\t\t\t\t\t\t\t\t\t\t\t\t\t\t<div class=\"elementor-testimonial-job\">Uber<\/div>\n\t\t\t\t\t\t\t\t\t\t\t\t\t<\/div>\n\t\t\t\t\t\t\t\t\t<\/div>\n\t\t\t<\/div>\n\t\t\t\t\t<\/div>\n\t\t\t\t\t\t<\/div>\n\t\t\t\t<\/div>\n\t\t\t\t\t<\/div>\n\t\t\t\t<\/div>\n\t\t<div class=\"elementor-element elementor-element-9e1d941 e-flex e-con-boxed e-con e-parent\" data-id=\"9e1d941\" data-element_type=\"container\">\n\t\t\t\t\t<div class=\"e-con-inner\">\n\t\t\t\t<div class=\"elementor-element elementor-element-afe2fd0 elementor-widget elementor-widget-testimonial\" data-id=\"afe2fd0\" data-element_type=\"widget\" data-widget_type=\"testimonial.default\">\n\t\t\t\t<div class=\"elementor-widget-container\">\n\t\t\t\t\t\t\t<div class=\"elementor-testimonial-wrapper\">\n\t\t\t\t\t\t\t<div class=\"elementor-testimonial-content\"><h4 class=\"elementor-heading-title elementor-size-default elementor-inline-editing pen\" data-elementor-setting-key=\"title\" data-pen-placeholder=\"Digite aqui...\" style=\"font-family: Roboto, sans-serif; font-weight: 600; color: rgb(110, 193, 228); text-align: start;\">\"Meu carro parecia envelhecido, mas depois de usar o PRO LIMP, ele ficou como novo! O brilho do para-choque e retrovisores voltou totalmente!\"<\/h4><\/div>\n\t\t\t\n\t\t\t\t\t\t<div class=\"elementor-testimonial-meta elementor-has-image elementor-testimonial-image-position-aside\">\n\t\t\t\t<div class=\"elementor-testimonial-meta-inner\">\n\t\t\t\t\t\t\t\t\t\t\t<div class=\"elementor-testimonial-image\">\n\t\t\t\t\t\t\t<img loading=\"lazy\" decoding=\"async\" width=\"2560\" height=\"1707\" src=\"https:\/\/prolimp.justo7.com.br\/wp-content\/uploads\/2025\/04\/maria-scaled.jpg\" class=\"attachment-full size-full wp-image-144\" alt=\"\" srcset=\"https:\/\/prolimp.justo7.com.br\/wp-content\/uploads\/2025\/04\/maria-scaled.jpg 2560w, https:\/\/prolimp.justo7.com.br\/wp-content\/uploads\/2025\/04\/maria-300x200.jpg 300w, https:\/\/prolimp.justo7.com.br\/wp-content\/uploads\/2025\/04\/maria-1024x683.jpg 1024w, https:\/\/prolimp.justo7.com.br\/wp-content\/uploads\/2025\/04\/maria-768x512.jpg 768w, https:\/\/prolimp.justo7.com.br\/wp-content\/uploads\/2025\/04\/maria-1536x1024.jpg 1536w, https:\/\/prolimp.justo7.com.br\/wp-content\/uploads\/2025\/04\/maria-2048x1365.jpg 2048w, https:\/\/prolimp.justo7.com.br\/wp-content\/uploads\/2025\/04\/maria-600x400.jpg 600w\" sizes=\"(max-width: 2560px) 100vw, 2560px\" \/>\t\t\t\t\t\t<\/div>\n\t\t\t\t\t\n\t\t\t\t\t\t\t\t\t\t<div class=\"elementor-testimonial-details\">\n\t\t\t\t\t\t\t\t\t\t\t\t\t\t<div class=\"elementor-testimonial-name\"><h4 class=\"elementor-heading-title elementor-size-default elementor-inline-editing pen\" data-elementor-setting-key=\"title\" data-pen-placeholder=\"Digite aqui...\" style=\"font-family: Roboto, sans-serif; font-weight: 600; color: rgb(110, 193, 228);\">Maria S<\/h4><\/div>\n\t\t\t\t\t\t\t\t\t\t\t\t\t\t\t\t\t\t\t\t\t\t<div class=\"elementor-testimonial-job\">Corretora<\/div>\n\t\t\t\t\t\t\t\t\t\t\t\t\t<\/div>\n\t\t\t\t\t\t\t\t\t<\/div>\n\t\t\t<\/div>\n\t\t\t\t\t<\/div>\n\t\t\t\t\t\t<\/div>\n\t\t\t\t<\/div>\n\t\t\t\t\t<\/div>\n\t\t\t\t<\/div>\n\t\t<div class=\"elementor-element elementor-element-dfee97f e-flex e-con-boxed e-con e-parent\" data-id=\"dfee97f\" data-element_type=\"container\" data-settings=\"{&quot;background_background&quot;:&quot;classic&quot;}\">\n\t\t\t\t\t<div class=\"e-con-inner\">\n\t\t\t\t<div class=\"elementor-element elementor-element-89c2efd elementor-widget elementor-widget-heading\" data-id=\"89c2efd\" data-element_type=\"widget\" data-widget_type=\"heading.default\">\n\t\t\t\t<div class=\"elementor-widget-container\">\n\t\t\t\t\t<h2 class=\"elementor-heading-title elementor-size-default\">     Promo\u00e7\u00e3o Exclusiva \u2013 N\u00e3o Perca!\n<\/h2>\t\t\t\t<\/div>\n\t\t\t\t<\/div>\n\t\t\t\t\t<\/div>\n\t\t\t\t<\/div>\n\t\t<div class=\"elementor-element elementor-element-dc9eff1 e-flex e-con-boxed e-con e-parent\" data-id=\"dc9eff1\" data-element_type=\"container\">\n\t\t\t\t\t<div class=\"e-con-inner\">\n\t\t\t\t<div class=\"elementor-element elementor-element-ddc9702 elementor-widget elementor-widget-heading\" data-id=\"ddc9702\" data-element_type=\"widget\" data-widget_type=\"heading.default\">\n\t\t\t\t<div class=\"elementor-widget-container\">\n\t\t\t\t\t<h2 class=\"elementor-heading-title elementor-size-default\">Pre\u00e7o normal:   <span style=\"color: rgb(136, 136, 136); font-size: 1.2em; text-decoration-line: line-through; font-family: Arial, sans-serif; letter-spacing: normal; text-align: center; white-space-collapse: collapse;\">&nbsp;R$ 79,90<\/span><p style=\"padding: 0px; margin: 0px 0px 1.43rem; line-height: inherit; font-size: 14px; color: rgb(85, 85, 85); font-family: Arial, sans-serif; letter-spacing: normal; text-align: center; white-space: normal;\"><span class=\"discount-price\" style=\"padding: 0px; margin: 0px; font-size: 2em; color: rgb(40, 167, 69);\">R$ 47,00<\/span><\/p>\n    <\/h2>\t\t\t\t<\/div>\n\t\t\t\t<\/div>\n\t\t\t\t<div class=\"elementor-element elementor-element-b018410 elementor-align-justify elementor-widget elementor-widget-button\" data-id=\"b018410\" data-element_type=\"widget\" data-widget_type=\"button.default\">\n\t\t\t\t<div class=\"elementor-widget-container\">\n\t\t\t\t\t\t\t\t\t<div class=\"elementor-button-wrapper\">\n\t\t\t\t\t<a class=\"elementor-button elementor-button-link elementor-size-sm\" href=\"https:\/\/mpago.la\/2RNnqet\" target=\"_blank\">\n\t\t\t\t\t\t<span class=\"elementor-button-content-wrapper\">\n\t\t\t\t\t\t\t\t\t<span class=\"elementor-button-text\">COMPRAR AGORA<\/span>\n\t\t\t\t\t<\/span>\n\t\t\t\t\t<\/a>\n\t\t\t\t<\/div>\n\t\t\t\t\t\t\t\t<\/div>\n\t\t\t\t<\/div>\n\t\t\t\t\t<\/div>\n\t\t\t\t<\/div>\n\t\t<div class=\"elementor-element elementor-element-516ce6f e-flex e-con-boxed e-con e-parent\" data-id=\"516ce6f\" data-element_type=\"container\">\n\t\t\t\t\t<div class=\"e-con-inner\">\n\t\t\t\t<div class=\"elementor-element elementor-element-dbd948e elementor-widget elementor-widget-text-editor\" data-id=\"dbd948e\" data-element_type=\"widget\" data-widget_type=\"text-editor.default\">\n\t\t\t\t<div class=\"elementor-widget-container\">\n\t\t\t\t\t\t\t\t\t<section class=\"faq\"><h2 class=\"section-title\">Perguntas Frequentes<\/h2><div class=\"faq-item\"><b>O produto funciona em todos os pl\u00e1sticos automotivos?<\/b><p>Sim! O PRO LIMP \u00e9 ideal para para-choques, retrovisores, pain\u00e9is internos e qualquer outra parte pl\u00e1stica do seu ve\u00edculo.<\/p><\/div><div class=\"faq-item\"><b>Posso usar em carros de qualquer cor?<\/b><p>Claro! O PRO LIMP \u00e9 eficaz em todos os tipos de pl\u00e1stico, sem afetar a cor original do seu carro.<\/p><\/div><div class=\"faq-item\"><b>Quantas aplica\u00e7\u00f5es um frasco rende?<\/b><p>Um frasco de PRO LIMP pode ser utilizado em at\u00e9 5 carros, dependendo da quantidade aplicada em cada superf\u00edcie.<\/p><\/div><\/section><section><h2 class=\"section-title\">Torne-se um Revendedor PRO LIMP<\/h2><p>Quer revender o PRO LIMP e fazer parte da nossa rede de distribuidores? Clique no link abaixo e cadastre-se para receber mais informa\u00e7\u00f5es sobre como ser um revendedor autorizado.<\/p><\/section>\t\t\t\t\t\t\t\t<\/div>\n\t\t\t\t<\/div>\n\t\t\t\t<div class=\"elementor-element elementor-element-a734b6e elementor-align-justify elementor-widget elementor-widget-button\" data-id=\"a734b6e\" data-element_type=\"widget\" data-widget_type=\"button.default\">\n\t\t\t\t<div class=\"elementor-widget-container\">\n\t\t\t\t\t\t\t\t\t<div class=\"elementor-button-wrapper\">\n\t\t\t\t\t<a class=\"elementor-button elementor-button-link elementor-size-sm\" href=\"https:\/\/prolimp.justo7.com.br\/index.php\/restaurador-revenda\/\" target=\"_blank\">\n\t\t\t\t\t\t<span class=\"elementor-button-content-wrapper\">\n\t\t\t\t\t\t\t\t\t<span class=\"elementor-button-text\">CLIQUE AQUI PARA SE TORNAR REVENDEDOR<\/span>\n\t\t\t\t\t<\/span>\n\t\t\t\t\t<\/a>\n\t\t\t\t<\/div>\n\t\t\t\t\t\t\t\t<\/div>\n\t\t\t\t<\/div>\n\t\t\t\t\t<\/div>\n\t\t\t\t<\/div>\n\t\t<div class=\"elementor-element elementor-element-5e594c5 e-flex e-con-boxed e-con e-parent\" data-id=\"5e594c5\" data-element_type=\"container\">\n\t\t\t\t\t<div class=\"e-con-inner\">\n\t\t\t\t<div class=\"elementor-element elementor-element-8a6fa0f elementor-widget elementor-widget-text-editor\" data-id=\"8a6fa0f\" data-element_type=\"widget\" data-widget_type=\"text-editor.default\">\n\t\t\t\t<div class=\"elementor-widget-container\">\n\t\t\t\t\t\t\t\t\t<h2 class=\"section-title\">N\u00e3o Deixe Seu Carro Perder o Brilho!<\/h2><p>Recupere o visual e a prote\u00e7\u00e3o das partes pl\u00e1sticas do seu carro com\u00a0<strong>PRO LIMP<\/strong>, a escolha dos motoristas exigentes.\u00a0<strong>Compre agora e aproveite a promo\u00e7\u00e3o exclusiva!<\/strong><\/p>\t\t\t\t\t\t\t\t<\/div>\n\t\t\t\t<\/div>\n\t\t\t\t<div class=\"elementor-element elementor-element-34fe8eb elementor-align-justify elementor-widget elementor-widget-button\" data-id=\"34fe8eb\" data-element_type=\"widget\" data-widget_type=\"button.default\">\n\t\t\t\t<div class=\"elementor-widget-container\">\n\t\t\t\t\t\t\t\t\t<div class=\"elementor-button-wrapper\">\n\t\t\t\t\t<a class=\"elementor-button elementor-button-link elementor-size-sm\" href=\"https:\/\/mpago.la\/2RNnqet\" target=\"_blank\">\n\t\t\t\t\t\t<span class=\"elementor-button-content-wrapper\">\n\t\t\t\t\t\t\t\t\t<span class=\"elementor-button-text\">COMPRAR AGORA<\/span>\n\t\t\t\t\t<\/span>\n\t\t\t\t\t<\/a>\n\t\t\t\t<\/div>\n\t\t\t\t\t\t\t\t<\/div>\n\t\t\t\t<\/div>\n\t\t\t\t\t<\/div>\n\t\t\t\t<\/div>\n\t\t\t\t<\/div>\n\t\t","protected":false},"excerpt":{"rendered":"<p>Restaurador de Plasticos ProLimp Renovador de Pl\u00e1sticos Automotivos Transforme a apar\u00eancia do seu carro em minutos Renovador de Pl\u00e1sticos PRO LIMP o definitivo para restaurar e proteger as partes pl\u00e1sticas do seu ve\u00edculo. Ideal para para-choques, pain\u00e9is e retrovisores, ele elimina manchas, desgastes e d\u00e1 um novo visual, deixando seu carro com cara de novo. [&hellip;]<\/p>\n","protected":false},"author":1,"featured_media":0,"parent":0,"menu_order":0,"comment_status":"closed","ping_status":"closed","template":"","meta":{"footnotes":""},"class_list":["post-22","page","type-page","status-publish","hentry"],"_links":{"self":[{"href":"https:\/\/prolimp.justo7.com.br\/index.php\/wp-json\/wp\/v2\/pages\/22","targetHints":{"allow":["GET"]}}],"collection":[{"href":"https:\/\/prolimp.justo7.com.br\/index.php\/wp-json\/wp\/v2\/pages"}],"about":[{"href":"https:\/\/prolimp.justo7.com.br\/index.php\/wp-json\/wp\/v2\/types\/page"}],"author":[{"embeddable":true,"href":"https:\/\/prolimp.justo7.com.br\/index.php\/wp-json\/wp\/v2\/users\/1"}],"replies":[{"embeddable":true,"href":"https:\/\/prolimp.justo7.com.br\/index.php\/wp-json\/wp\/v2\/comments?post=22"}],"version-history":[{"count":28,"href":"https:\/\/prolimp.justo7.com.br\/index.php\/wp-json\/wp\/v2\/pages\/22\/revisions"}],"predecessor-version":[{"id":162,"href":"https:\/\/prolimp.justo7.com.br\/index.php\/wp-json\/wp\/v2\/pages\/22\/revisions\/162"}],"wp:attachment":[{"href":"https:\/\/prolimp.justo7.com.br\/index.php\/wp-json\/wp\/v2\/media?parent=22"}],"curies":[{"name":"wp","href":"https:\/\/api.w.org\/{rel}","templated":true}]}}