{"id":13,"date":"2025-04-23T15:37:04","date_gmt":"2025-04-23T15:37:04","guid":{"rendered":"https:\/\/prolimp.justo7.com.br\/?page_id=13"},"modified":"2025-04-23T20:58:15","modified_gmt":"2025-04-23T20:58:15","slug":"restaurador-revenda","status":"publish","type":"page","link":"https:\/\/prolimp.justo7.com.br\/index.php\/restaurador-revenda\/","title":{"rendered":"Restaurador, revenda"},"content":{"rendered":"\t\t<div data-elementor-type=\"wp-page\" data-elementor-id=\"13\" class=\"elementor elementor-13\" data-elementor-post-type=\"page\">\n\t\t\t\t<div class=\"elementor-element elementor-element-14fb6b0 e-flex e-con-boxed e-con e-parent\" data-id=\"14fb6b0\" data-element_type=\"container\">\n\t\t\t\t\t<div class=\"e-con-inner\">\n\t\t\t\t<div class=\"elementor-element elementor-element-1713b81 elementor-widget elementor-widget-html\" data-id=\"1713b81\" data-element_type=\"widget\" data-widget_type=\"html.default\">\n\t\t\t\t<div class=\"elementor-widget-container\">\n\t\t\t\t\t<!DOCTYPE html>\r\n<html lang=\"pt-BR\">\r\n<head>\r\n    <meta charset=\"UTF-8\">\r\n    <meta name=\"viewport\" content=\"width=device-width, initial-scale=1.0\">\r\n    <meta http-equiv=\"X-UA-Compatible\" content=\"ie=edge\">\r\n    <title>Seja um Revendedor PRO LIMP - Estime seus Lucros!<\/title>\r\n    <style>\r\n        body {\r\n            font-family: Arial, sans-serif;\r\n            margin: 0;\r\n            padding: 0;\r\n            background-color: #f4f4f4;\r\n            color: #333;\r\n        }\r\n        header {\r\n            background-color: #1E3A8A;\r\n            color: #fff;\r\n            padding: 20px 0;\r\n            text-align: center;\r\n        }\r\n        h1 {\r\n            font-size: 2.5em;\r\n            margin: 0;\r\n        }\r\n        .container {\r\n            width: 80%;\r\n            margin: 20px auto;\r\n            background-color: #fff;\r\n            padding: 20px;\r\n            box-shadow: 0 0 10px rgba(0, 0, 0, 0.1);\r\n        }\r\n        .section-title {\r\n            font-size: 2em;\r\n            color: #1E3A8A;\r\n            margin-bottom: 20px;\r\n        }\r\n        .cta-btn {\r\n            background-color: #28a745;\r\n            color: white;\r\n            padding: 15px 25px;\r\n            font-size: 1.2em;\r\n            border: none;\r\n            cursor: pointer;\r\n            text-align: center;\r\n            display: inline-block;\r\n            margin-top: 20px;\r\n            text-decoration: none;\r\n        }\r\n        .cta-btn:hover {\r\n            background-color: #218838;\r\n        }\r\n        .pricing {\r\n            background-color: #fffbf2;\r\n            padding: 20px;\r\n            border-radius: 8px;\r\n            text-align: center;\r\n            margin-bottom: 20px;\r\n        }\r\n        .pricing span {\r\n            font-size: 1.5em;\r\n            font-weight: bold;\r\n        }\r\n        .calculator {\r\n            background-color: #f8f9fa;\r\n            padding: 20px;\r\n            border-radius: 8px;\r\n            margin-bottom: 20px;\r\n        }\r\n        .calculator h3 {\r\n            font-size: 1.8em;\r\n            color: #1E3A8A;\r\n            margin-bottom: 10px;\r\n        }\r\n        .calculator ul {\r\n            list-style: none;\r\n            padding: 0;\r\n            font-size: 1.1em;\r\n        }\r\n        .calculator ul li {\r\n            margin-bottom: 10px;\r\n        }\r\n        .testimonials {\r\n            background-color: #f8f9fa;\r\n            padding: 20px;\r\n            border-radius: 8px;\r\n        }\r\n        .testimonial {\r\n            font-style: italic;\r\n            margin: 10px 0;\r\n        }\r\n    <\/style>\r\n<\/head>\r\n<body>\r\n\r\n    <header>\r\n        <h1>Seja um Revendedor PRO LIMP!<\/h1>\r\n    <\/header>\r\n\r\n    <div class=\"container\">\r\n        <section>\r\n            <h2 class=\"section-title\">Ganhe Dinheiro Vendendo PRO LIMP!<\/h2>\r\n            <p>Ao se tornar um revendedor PRO LIMP, voc\u00ea tem a oportunidade de transformar seu tempo em lucro, oferecendo um produto de alta qualidade e com grande demanda. Vamos mostrar como voc\u00ea pode ganhar com as vendas di\u00e1rias, semanais e mensais.<\/p>\r\n        <\/section>\r\n\r\n        <section class=\"pricing\">\r\n            <h2 class=\"section-title\">Pre\u00e7os do Produto<\/h2>\r\n            <p><strong>Pre\u00e7o para Consumidor Final: R$ 47,00<\/strong><\/p>\r\n            <p><strong>Pre\u00e7o para o Revendedor: R$ 27,00<\/strong><\/p>\r\n            <p>Com isso, voc\u00ea ganha uma margem de lucro excelente em cada unidade vendida!<\/p>\r\n        <\/section>\r\n\r\n        <section class=\"calculator\">\r\n            <h3>Estimativa de Lucro<\/h3>\r\n            <ul>\r\n                <li><strong>Lucro Di\u00e1rio:<\/strong> Se voc\u00ea vender <strong>10 unidades por dia<\/strong>, seu lucro di\u00e1rio ser\u00e1 de <strong>R$ 200,00<\/strong> (10 x R$ 20,00 de lucro por unidade).<\/li>\r\n                <li><strong>Lucro Semanal:<\/strong> Se voc\u00ea vender <strong>70 unidades por semana<\/strong>, seu lucro semanal ser\u00e1 de <strong>R$ 1.400,00<\/strong> (70 x R$ 20,00 de lucro por unidade).<\/li>\r\n                <li><strong>Lucro Mensal:<\/strong> Se voc\u00ea vender <strong>300 unidades por m\u00eas<\/strong>, seu lucro mensal ser\u00e1 de <strong>R$ 6.000,00<\/strong> (300 x R$ 20,00 de lucro por unidade).<\/li>\r\n            <\/ul>\r\n        <\/section>\r\n\r\n        <section>\r\n            <h2 class=\"section-title\">Como Funciona?<\/h2>\r\n            <p>\u00c9 simples! Ao se tornar revendedor, voc\u00ea recebe os produtos com o pre\u00e7o especial de <strong>R$ 27,00<\/strong> e pode vender por <strong>R$ 47,00<\/strong. Isso significa um lucro de <strong>R$ 20,00 por unidade vendida<\/strong>. N\u00e3o h\u00e1 limite de vendas! Quanto mais voc\u00ea vender, mais dinheiro voc\u00ea ganha.<\/p>\r\n        <\/section>\r\n\r\n        <section class=\"testimonials\">\r\n            <h2 class=\"section-title\">O que nossos revendedores dizem<\/h2>\r\n            <p class=\"testimonial\"><strong>Renato F.<\/strong> - \"Eu comecei a revender PRO LIMP h\u00e1 apenas dois meses e j\u00e1 estou vendo lucros incr\u00edveis! \u00c9 um produto de alta demanda e f\u00e1cil de vender.\" <\/p>\r\n            <p class=\"testimonial\"><strong>Fernanda M.<\/strong> - \"Com as vendas de PRO LIMP, consegui aumentar minha renda mensal em mais de R$ 2.000,00. A demanda \u00e9 grande, e a margem de lucro \u00e9 excelente!\"<\/p>\r\n        <\/section>\r\n\r\n        <section>\r\n            <h2 class=\"section-title\">Pronto para come\u00e7ar?<\/h2>\r\n            <p>Agora \u00e9 a sua vez! Entre para a nossa rede de revendedores e aproveite a oportunidade de ganhar dinheiro de forma simples e pr\u00e1tica.<\/p>\r\n            <a class=\"cta-btn\" href=\"https:\/\/wa.me\/5551981928100\">Clique aqui para se tornar um revendedor<\/a>\r\n        <\/section>\r\n    <\/div>\r\n\r\n<\/body>\r\n<\/html>\r\n\t\t\t\t<\/div>\n\t\t\t\t<\/div>\n\t\t\t\t\t<\/div>\n\t\t\t\t<\/div>\n\t\t\t\t<\/div>\n\t\t","protected":false},"excerpt":{"rendered":"<p>Seja um Revendedor PRO LIMP &#8211; Estime seus Lucros! Seja um Revendedor PRO LIMP! Ganhe Dinheiro Vendendo PRO LIMP! Ao se tornar um revendedor PRO LIMP, voc\u00ea tem a oportunidade de transformar seu tempo em lucro, oferecendo um produto de alta qualidade e com grande demanda. Vamos mostrar como voc\u00ea pode ganhar com as vendas [&hellip;]<\/p>\n","protected":false},"author":1,"featured_media":0,"parent":0,"menu_order":0,"comment_status":"closed","ping_status":"closed","template":"","meta":{"footnotes":""},"class_list":["post-13","page","type-page","status-publish","hentry"],"_links":{"self":[{"href":"https:\/\/prolimp.justo7.com.br\/index.php\/wp-json\/wp\/v2\/pages\/13","targetHints":{"allow":["GET"]}}],"collection":[{"href":"https:\/\/prolimp.justo7.com.br\/index.php\/wp-json\/wp\/v2\/pages"}],"about":[{"href":"https:\/\/prolimp.justo7.com.br\/index.php\/wp-json\/wp\/v2\/types\/page"}],"author":[{"embeddable":true,"href":"https:\/\/prolimp.justo7.com.br\/index.php\/wp-json\/wp\/v2\/users\/1"}],"replies":[{"embeddable":true,"href":"https:\/\/prolimp.justo7.com.br\/index.php\/wp-json\/wp\/v2\/comments?post=13"}],"version-history":[{"count":10,"href":"https:\/\/prolimp.justo7.com.br\/index.php\/wp-json\/wp\/v2\/pages\/13\/revisions"}],"predecessor-version":[{"id":165,"href":"https:\/\/prolimp.justo7.com.br\/index.php\/wp-json\/wp\/v2\/pages\/13\/revisions\/165"}],"wp:attachment":[{"href":"https:\/\/prolimp.justo7.com.br\/index.php\/wp-json\/wp\/v2\/media?parent=13"}],"curies":[{"name":"wp","href":"https:\/\/api.w.org\/{rel}","templated":true}]}}